{"id":12,"date":"2020-12-22T15:57:17","date_gmt":"2020-12-22T15:57:17","guid":{"rendered":"http:\/\/mateunierga.com\/?page_id=12"},"modified":"2021-02-17T23:00:35","modified_gmt":"2021-02-17T23:00:35","slug":"servicios","status":"publish","type":"page","link":"https:\/\/mateunierga.com\/es\/servicios\/","title":{"rendered":"Servicios"},"content":{"rendered":"\t\t<div data-elementor-type=\"wp-page\" data-elementor-id=\"12\" class=\"elementor elementor-12\">\n\t\t\t\t\t\t<div class=\"elementor-inner\">\n\t\t\t\t<div class=\"elementor-section-wrap\">\n\t\t\t\t\t\t\t\t\t<section class=\"elementor-section elementor-top-section elementor-element elementor-element-c056f47 elementor-section-height-min-height elementor-section-items-stretch elementor-section-full_width elementor-section-height-default\" data-id=\"c056f47\" data-element_type=\"section\">\n\t\t\t\t\t\t<div class=\"elementor-container elementor-column-gap-default\">\n\t\t\t\t\t\t\t<div class=\"elementor-row\">\n\t\t\t\t\t<div class=\"make-column-clickable-elementor elementor-column elementor-col-33 elementor-top-column elementor-element elementor-element-f839aec columna-home\" style=\"cursor: pointer;\" data-column-clickable=\"http:\/\/mateunierga.com\/es\/servicios\/instalaciones-reparaciones-y-mantenimiento\/\" data-column-clickable-blank=\"_self\" data-id=\"f839aec\" data-element_type=\"column\" data-settings=\"{&quot;background_background&quot;:&quot;classic&quot;}\">\n\t\t\t<div class=\"elementor-column-wrap elementor-element-populated\">\n\t\t\t\t\t<div class=\"elementor-background-overlay\"><\/div>\n\t\t\t\t\t\t\t<div class=\"elementor-widget-wrap\">\n\t\t\t\t\t\t<div class=\"elementor-element elementor-element-f21f24e elementor-widget elementor-widget-spacer\" data-id=\"f21f24e\" data-element_type=\"widget\" data-widget_type=\"spacer.default\">\n\t\t\t\t<div class=\"elementor-widget-container\">\n\t\t\t\t\t<div class=\"elementor-spacer\">\n\t\t\t<div class=\"elementor-spacer-inner\"><\/div>\n\t\t<\/div>\n\t\t\t\t<\/div>\n\t\t\t\t<\/div>\n\t\t\t\t<div class=\"elementor-element elementor-element-974d535 elementor-widget elementor-widget-heading\" data-id=\"974d535\" data-element_type=\"widget\" data-widget_type=\"heading.default\">\n\t\t\t\t<div class=\"elementor-widget-container\">\n\t\t\t<h2 class=\"elementor-heading-title elementor-size-default\"><a href=\"http:\/\/mateunierga.com\/es\/servicios\/instalaciones-reparaciones-y-mantenimiento\/\">Instalaciones, Reparaciones y Mantenimiento<\/a><\/h2>\t\t<\/div>\n\t\t\t\t<\/div>\n\t\t\t\t<div class=\"elementor-element elementor-element-06d8062 elementor-align-center btn-servicio elementor-widget elementor-widget-button\" data-id=\"06d8062\" data-element_type=\"widget\" data-widget_type=\"button.default\">\n\t\t\t\t<div class=\"elementor-widget-container\">\n\t\t\t\t\t<div class=\"elementor-button-wrapper\">\n\t\t\t<a href=\"http:\/\/mateunierga.com\/es\/servicios\/instalaciones-reparaciones-y-mantenimiento\/\" target=\"_blank\" rel=\"nofollow\" class=\"elementor-button-link elementor-button elementor-size-sm\" role=\"button\">\n\t\t\t\t\t\t<span class=\"elementor-button-content-wrapper\">\n\t\t\t\t\t\t<span class=\"elementor-button-text\">M\u00e1s informaci\u00f3n<\/span>\n\t\t<\/span>\n\t\t\t\t\t<\/a>\n\t\t<\/div>\n\t\t\t\t<\/div>\n\t\t\t\t<\/div>\n\t\t\t\t\t\t<\/div>\n\t\t\t\t\t<\/div>\n\t\t<\/div>\n\t\t\t\t<div class=\"make-column-clickable-elementor elementor-column elementor-col-33 elementor-top-column elementor-element elementor-element-81e2c3d columna-home\" style=\"cursor: pointer;\" data-column-clickable=\"http:\/\/mateunierga.com\/es\/servicios\/proyectos-y-legalizaciones\/\" data-column-clickable-blank=\"_self\" data-id=\"81e2c3d\" data-element_type=\"column\" data-settings=\"{&quot;background_background&quot;:&quot;classic&quot;}\">\n\t\t\t<div class=\"elementor-column-wrap elementor-element-populated\">\n\t\t\t\t\t<div class=\"elementor-background-overlay\"><\/div>\n\t\t\t\t\t\t\t<div class=\"elementor-widget-wrap\">\n\t\t\t\t\t\t<div class=\"elementor-element elementor-element-28ed342 elementor-widget elementor-widget-spacer\" data-id=\"28ed342\" data-element_type=\"widget\" data-widget_type=\"spacer.default\">\n\t\t\t\t<div class=\"elementor-widget-container\">\n\t\t\t\t\t<div class=\"elementor-spacer\">\n\t\t\t<div class=\"elementor-spacer-inner\"><\/div>\n\t\t<\/div>\n\t\t\t\t<\/div>\n\t\t\t\t<\/div>\n\t\t\t\t<div class=\"elementor-element elementor-element-24d324b elementor-widget elementor-widget-heading\" data-id=\"24d324b\" data-element_type=\"widget\" data-widget_type=\"heading.default\">\n\t\t\t\t<div class=\"elementor-widget-container\">\n\t\t\t<h2 class=\"elementor-heading-title elementor-size-default\"><a href=\"http:\/\/mateunierga.com\/es\/servicios\/proyectos-y-legalizaciones\/\">Proyectos y <br>legalizaciones<\/a><\/h2>\t\t<\/div>\n\t\t\t\t<\/div>\n\t\t\t\t<div class=\"elementor-element elementor-element-d29780c elementor-align-center btn-servicio elementor-widget elementor-widget-button\" data-id=\"d29780c\" data-element_type=\"widget\" data-widget_type=\"button.default\">\n\t\t\t\t<div class=\"elementor-widget-container\">\n\t\t\t\t\t<div class=\"elementor-button-wrapper\">\n\t\t\t<a href=\"http:\/\/mateunierga.com\/es\/servicios\/proyectos-y-legalizaciones\/\" target=\"_blank\" rel=\"nofollow\" class=\"elementor-button-link elementor-button elementor-size-sm\" role=\"button\">\n\t\t\t\t\t\t<span class=\"elementor-button-content-wrapper\">\n\t\t\t\t\t\t<span class=\"elementor-button-text\">M\u00e1s informaci\u00f3n<\/span>\n\t\t<\/span>\n\t\t\t\t\t<\/a>\n\t\t<\/div>\n\t\t\t\t<\/div>\n\t\t\t\t<\/div>\n\t\t\t\t\t\t<\/div>\n\t\t\t\t\t<\/div>\n\t\t<\/div>\n\t\t\t\t<div class=\"make-column-clickable-elementor elementor-column elementor-col-33 elementor-top-column elementor-element elementor-element-5773a28 columna-home\" style=\"cursor: pointer;\" data-column-clickable=\"http:\/\/mateunierga.com\/es\/servicios\/auditorias-energeticas\/\" data-column-clickable-blank=\"_self\" data-id=\"5773a28\" data-element_type=\"column\" data-settings=\"{&quot;background_background&quot;:&quot;classic&quot;}\">\n\t\t\t<div class=\"elementor-column-wrap elementor-element-populated\">\n\t\t\t\t\t<div class=\"elementor-background-overlay\"><\/div>\n\t\t\t\t\t\t\t<div class=\"elementor-widget-wrap\">\n\t\t\t\t\t\t<div class=\"elementor-element elementor-element-a82d073 elementor-widget elementor-widget-spacer\" data-id=\"a82d073\" data-element_type=\"widget\" data-widget_type=\"spacer.default\">\n\t\t\t\t<div class=\"elementor-widget-container\">\n\t\t\t\t\t<div class=\"elementor-spacer\">\n\t\t\t<div class=\"elementor-spacer-inner\"><\/div>\n\t\t<\/div>\n\t\t\t\t<\/div>\n\t\t\t\t<\/div>\n\t\t\t\t<div class=\"elementor-element elementor-element-ac99697 elementor-widget elementor-widget-heading\" data-id=\"ac99697\" data-element_type=\"widget\" data-widget_type=\"heading.default\">\n\t\t\t\t<div class=\"elementor-widget-container\">\n\t\t\t<h2 class=\"elementor-heading-title elementor-size-default\"><a href=\"http:\/\/mateunierga.com\/es\/servicios\/auditorias-energeticas\/\">Auditorias <br>Energ\u00e9ticas<\/a><\/h2>\t\t<\/div>\n\t\t\t\t<\/div>\n\t\t\t\t<div class=\"elementor-element elementor-element-aa3f053 elementor-align-center btn-servicio elementor-widget elementor-widget-button\" data-id=\"aa3f053\" data-element_type=\"widget\" data-widget_type=\"button.default\">\n\t\t\t\t<div class=\"elementor-widget-container\">\n\t\t\t\t\t<div class=\"elementor-button-wrapper\">\n\t\t\t<a href=\"http:\/\/mateunierga.com\/es\/servicios\/auditorias-energeticas\/\" target=\"_blank\" rel=\"nofollow\" class=\"elementor-button-link elementor-button elementor-size-sm\" role=\"button\">\n\t\t\t\t\t\t<span class=\"elementor-button-content-wrapper\">\n\t\t\t\t\t\t<span class=\"elementor-button-text\">M\u00e1s informaci\u00f3n<\/span>\n\t\t<\/span>\n\t\t\t\t\t<\/a>\n\t\t<\/div>\n\t\t\t\t<\/div>\n\t\t\t\t<\/div>\n\t\t\t\t\t\t<\/div>\n\t\t\t\t\t<\/div>\n\t\t<\/div>\n\t\t\t\t\t\t\t\t<\/div>\n\t\t\t\t\t<\/div>\n\t\t<\/section>\n\t\t\t\t\t\t\t\t\t<\/div>\n\t\t\t<\/div>\n\t\t\t\t\t<\/div>\n\t\t","protected":false},"excerpt":{"rendered":"<p>Instalaciones, Reparaciones y Mantenimiento M\u00e1s informaci\u00f3n Proyectos y legalizaciones M\u00e1s informaci\u00f3n Auditorias Energ\u00e9ticas M\u00e1s informaci\u00f3n<\/p>\n","protected":false},"author":1,"featured_media":0,"parent":0,"menu_order":0,"comment_status":"closed","ping_status":"closed","template":"","meta":[],"yoast_head":"<!-- This site is optimized with the Yoast SEO plugin v18.4.1 - https:\/\/yoast.com\/wordpress\/plugins\/seo\/ -->\n<title>Servicios - Mateu Nierga<\/title>\n<meta name=\"robots\" content=\"index, follow, max-snippet:-1, max-image-preview:large, max-video-preview:-1\" \/>\n<link rel=\"canonical\" href=\"https:\/\/mateunierga.com\/es\/servicios\/\" \/>\n<meta property=\"og:locale\" content=\"es_ES\" \/>\n<meta property=\"og:type\" content=\"article\" \/>\n<meta property=\"og:title\" content=\"Servicios - Mateu Nierga\" \/>\n<meta property=\"og:description\" content=\"Instalaciones, Reparaciones y Mantenimiento M\u00e1s informaci\u00f3n Proyectos y legalizaciones M\u00e1s informaci\u00f3n Auditorias Energ\u00e9ticas M\u00e1s informaci\u00f3n\" \/>\n<meta property=\"og:url\" content=\"https:\/\/mateunierga.com\/es\/servicios\/\" \/>\n<meta property=\"og:site_name\" content=\"Mateu Nierga\" \/>\n<meta property=\"article:modified_time\" content=\"2021-02-17T23:00:35+00:00\" \/>\n<meta name=\"twitter:card\" content=\"summary_large_image\" \/>\n<meta name=\"twitter:label1\" content=\"Tiempo de lectura\" \/>\n\t<meta name=\"twitter:data1\" content=\"1 minuto\" \/>\n<script type=\"application\/ld+json\" class=\"yoast-schema-graph\">{\"@context\":\"https:\/\/schema.org\",\"@graph\":[{\"@type\":\"WebSite\",\"@id\":\"https:\/\/mateunierga.com\/es\/#website\",\"url\":\"https:\/\/mateunierga.com\/es\/\",\"name\":\"Mateu Nierga\",\"description\":\"Instalaciones y Mantenimientos Industriales\",\"potentialAction\":[{\"@type\":\"SearchAction\",\"target\":{\"@type\":\"EntryPoint\",\"urlTemplate\":\"https:\/\/mateunierga.com\/es\/?s={search_term_string}\"},\"query-input\":\"required name=search_term_string\"}],\"inLanguage\":\"es\"},{\"@type\":\"WebPage\",\"@id\":\"https:\/\/mateunierga.com\/es\/servicios\/#webpage\",\"url\":\"https:\/\/mateunierga.com\/es\/servicios\/\",\"name\":\"Servicios - Mateu Nierga\",\"isPartOf\":{\"@id\":\"https:\/\/mateunierga.com\/es\/#website\"},\"datePublished\":\"2020-12-22T15:57:17+00:00\",\"dateModified\":\"2021-02-17T23:00:35+00:00\",\"breadcrumb\":{\"@id\":\"https:\/\/mateunierga.com\/es\/servicios\/#breadcrumb\"},\"inLanguage\":\"es\",\"potentialAction\":[{\"@type\":\"ReadAction\",\"target\":[\"https:\/\/mateunierga.com\/es\/servicios\/\"]}]},{\"@type\":\"BreadcrumbList\",\"@id\":\"https:\/\/mateunierga.com\/es\/servicios\/#breadcrumb\",\"itemListElement\":[{\"@type\":\"ListItem\",\"position\":1,\"name\":\"Portada\",\"item\":\"https:\/\/mateunierga.com\/es\/\"},{\"@type\":\"ListItem\",\"position\":2,\"name\":\"Servicios\"}]}]}<\/script>\n<!-- \/ Yoast SEO plugin. -->","yoast_head_json":{"title":"Servicios - Mateu Nierga","robots":{"index":"index","follow":"follow","max-snippet":"max-snippet:-1","max-image-preview":"max-image-preview:large","max-video-preview":"max-video-preview:-1"},"canonical":"https:\/\/mateunierga.com\/es\/servicios\/","og_locale":"es_ES","og_type":"article","og_title":"Servicios - Mateu Nierga","og_description":"Instalaciones, Reparaciones y Mantenimiento M\u00e1s informaci\u00f3n Proyectos y legalizaciones M\u00e1s informaci\u00f3n Auditorias Energ\u00e9ticas M\u00e1s informaci\u00f3n","og_url":"https:\/\/mateunierga.com\/es\/servicios\/","og_site_name":"Mateu Nierga","article_modified_time":"2021-02-17T23:00:35+00:00","twitter_card":"summary_large_image","twitter_misc":{"Tiempo de lectura":"1 minuto"},"schema":{"@context":"https:\/\/schema.org","@graph":[{"@type":"WebSite","@id":"https:\/\/mateunierga.com\/es\/#website","url":"https:\/\/mateunierga.com\/es\/","name":"Mateu Nierga","description":"Instalaciones y Mantenimientos Industriales","potentialAction":[{"@type":"SearchAction","target":{"@type":"EntryPoint","urlTemplate":"https:\/\/mateunierga.com\/es\/?s={search_term_string}"},"query-input":"required name=search_term_string"}],"inLanguage":"es"},{"@type":"WebPage","@id":"https:\/\/mateunierga.com\/es\/servicios\/#webpage","url":"https:\/\/mateunierga.com\/es\/servicios\/","name":"Servicios - Mateu Nierga","isPartOf":{"@id":"https:\/\/mateunierga.com\/es\/#website"},"datePublished":"2020-12-22T15:57:17+00:00","dateModified":"2021-02-17T23:00:35+00:00","breadcrumb":{"@id":"https:\/\/mateunierga.com\/es\/servicios\/#breadcrumb"},"inLanguage":"es","potentialAction":[{"@type":"ReadAction","target":["https:\/\/mateunierga.com\/es\/servicios\/"]}]},{"@type":"BreadcrumbList","@id":"https:\/\/mateunierga.com\/es\/servicios\/#breadcrumb","itemListElement":[{"@type":"ListItem","position":1,"name":"Portada","item":"https:\/\/mateunierga.com\/es\/"},{"@type":"ListItem","position":2,"name":"Servicios"}]}]}},"_links":{"self":[{"href":"https:\/\/mateunierga.com\/es\/wp-json\/wp\/v2\/pages\/12"}],"collection":[{"href":"https:\/\/mateunierga.com\/es\/wp-json\/wp\/v2\/pages"}],"about":[{"href":"https:\/\/mateunierga.com\/es\/wp-json\/wp\/v2\/types\/page"}],"author":[{"embeddable":true,"href":"https:\/\/mateunierga.com\/es\/wp-json\/wp\/v2\/users\/1"}],"replies":[{"embeddable":true,"href":"https:\/\/mateunierga.com\/es\/wp-json\/wp\/v2\/comments?post=12"}],"version-history":[{"count":28,"href":"https:\/\/mateunierga.com\/es\/wp-json\/wp\/v2\/pages\/12\/revisions"}],"predecessor-version":[{"id":2107,"href":"https:\/\/mateunierga.com\/es\/wp-json\/wp\/v2\/pages\/12\/revisions\/2107"}],"wp:attachment":[{"href":"https:\/\/mateunierga.com\/es\/wp-json\/wp\/v2\/media?parent=12"}],"curies":[{"name":"wp","href":"https:\/\/api.w.org\/{rel}","templated":true}]}}