{"id":14,"date":"2020-12-22T15:57:31","date_gmt":"2020-12-22T15:57:31","guid":{"rendered":"http:\/\/mateunierga.com\/?page_id=14"},"modified":"2021-02-15T08:27:22","modified_gmt":"2021-02-15T08:27:22","slug":"calidad-y-medio-ambiente","status":"publish","type":"page","link":"https:\/\/mateunierga.com\/es\/calidad-y-medio-ambiente\/","title":{"rendered":"Calidad y medio ambiente"},"content":{"rendered":"\t\t<div data-elementor-type=\"wp-page\" data-elementor-id=\"14\" class=\"elementor elementor-14\">\n\t\t\t\t\t\t<div class=\"elementor-inner\">\n\t\t\t\t<div class=\"elementor-section-wrap\">\n\t\t\t\t\t\t\t\t\t<section class=\"elementor-section elementor-top-section elementor-element elementor-element-1168653 elementor-section-height-min-height elementor-section-items-stretch elementor-section-boxed elementor-section-height-default\" data-id=\"1168653\" data-element_type=\"section\" data-settings=\"{&quot;background_background&quot;:&quot;classic&quot;}\">\n\t\t\t\t\t\t\t<div class=\"elementor-background-overlay\"><\/div>\n\t\t\t\t\t\t\t<div class=\"elementor-container elementor-column-gap-default\">\n\t\t\t\t\t\t\t<div class=\"elementor-row\">\n\t\t\t\t\t<div class=\"elementor-column elementor-col-100 elementor-top-column elementor-element elementor-element-40af19f\" data-id=\"40af19f\" data-element_type=\"column\">\n\t\t\t<div class=\"elementor-column-wrap elementor-element-populated\">\n\t\t\t\t\t\t\t<div class=\"elementor-widget-wrap\">\n\t\t\t\t\t\t<div class=\"elementor-element elementor-element-982b619 elementor-widget elementor-widget-heading\" data-id=\"982b619\" data-element_type=\"widget\" data-widget_type=\"heading.default\">\n\t\t\t\t<div class=\"elementor-widget-container\">\n\t\t\t<h1 class=\"elementor-heading-title elementor-size-default\">Calidad y medio ambiente<\/h1>\t\t<\/div>\n\t\t\t\t<\/div>\n\t\t\t\t\t\t<\/div>\n\t\t\t\t\t<\/div>\n\t\t<\/div>\n\t\t\t\t\t\t\t\t<\/div>\n\t\t\t\t\t<\/div>\n\t\t<\/section>\n\t\t\t\t<section class=\"elementor-section elementor-top-section elementor-element elementor-element-7f0a6b6 elementor-section-boxed elementor-section-height-default elementor-section-height-default\" data-id=\"7f0a6b6\" data-element_type=\"section\">\n\t\t\t\t\t\t<div class=\"elementor-container elementor-column-gap-default\">\n\t\t\t\t\t\t\t<div class=\"elementor-row\">\n\t\t\t\t\t<div class=\"elementor-column elementor-col-50 elementor-top-column elementor-element elementor-element-3a98fdc\" data-id=\"3a98fdc\" data-element_type=\"column\">\n\t\t\t<div class=\"elementor-column-wrap elementor-element-populated\">\n\t\t\t\t\t\t\t<div class=\"elementor-widget-wrap\">\n\t\t\t\t\t\t<div class=\"elementor-element elementor-element-b9fe29f elementor-hidden-phone elementor-widget elementor-widget-global elementor-global-556 elementor-widget-ee-breadcrumbs\" data-id=\"b9fe29f\" data-element_type=\"widget\" data-widget_type=\"ee-breadcrumbs.default\">\n\t\t\t\t<div class=\"elementor-widget-container\">\n\t\t\t<ul class=\"ee-breadcrumbs\" itemscope=\"\" itemtype=\"http:\/\/schema.org\/BreadcrumbList\"><\/ul>\t\t<\/div>\n\t\t\t\t<\/div>\n\t\t\t\t<div class=\"elementor-element elementor-element-32079d6 elementor-widget elementor-widget-heading\" data-id=\"32079d6\" data-element_type=\"widget\" data-widget_type=\"heading.default\">\n\t\t\t\t<div class=\"elementor-widget-container\">\n\t\t\t<h2 class=\"elementor-heading-title elementor-size-default\">Soluciones y <br><span style=\"color:#257D53;\">Alternativas Energ\u00e9ticas<\/span><\/h2>\t\t<\/div>\n\t\t\t\t<\/div>\n\t\t\t\t\t\t<\/div>\n\t\t\t\t\t<\/div>\n\t\t<\/div>\n\t\t\t\t<div class=\"elementor-column elementor-col-50 elementor-top-column elementor-element elementor-element-0b8c0d0\" data-id=\"0b8c0d0\" data-element_type=\"column\">\n\t\t\t<div class=\"elementor-column-wrap elementor-element-populated\">\n\t\t\t\t\t\t\t<div class=\"elementor-widget-wrap\">\n\t\t\t\t\t\t<div class=\"elementor-element elementor-element-4afbd0e elementor-widget elementor-widget-text-editor\" data-id=\"4afbd0e\" data-element_type=\"widget\" data-widget_type=\"text-editor.default\">\n\t\t\t\t<div class=\"elementor-widget-container\">\n\t\t\t\t\t\t\t\t<div class=\"elementor-text-editor elementor-clearfix\">\n\t\t\t\t<p>Aportamos soluciones y alternativas energ\u00e9ticas a Clientes particulares e industriales para poder aprovechar los recursos energ\u00e9ticos que nos ofrece la naturaleza de forma natural, ecol\u00f3gica y renovable para substituir o minimizar la dependencia energ\u00e9tica de fondo NO renovable y contribuir a la mejora del medio ambiente que nos rodea.<\/p><p>Creemos que no es una opci\u00f3n, sino una obligaci\u00f3n, hacer todo lo que est\u00e9 en nuestras manos para reducir el consumo energ\u00e9tico, y el que necesitamos, obtenerlo de la forma m\u00e1s econ\u00f3mica y menos agresiva con el medio natural.<\/p>\t\t\t\t\t<\/div>\n\t\t\t\t\t\t<\/div>\n\t\t\t\t<\/div>\n\t\t\t\t<div class=\"elementor-element elementor-element-156cf4a elementor-widget elementor-widget-text-editor\" data-id=\"156cf4a\" data-element_type=\"widget\" data-widget_type=\"text-editor.default\">\n\t\t\t\t<div class=\"elementor-widget-container\">\n\t\t\t\t\t\t\t\t<div class=\"elementor-text-editor elementor-clearfix\">\n\t\t\t\t<p>Por lo anteriormente descrito la empresa <span style=\"color: #257d53;\"><strong>MATEU NIERGA S.L.<\/strong><\/span> ha optado por conseguir la certificaci\u00f3n <strong>ISO-EN-UNE 14001\/2008<\/strong> de calidad medioambiental, de esta manera establecemos la metodolog\u00eda necesaria para ser lo mas cuidadosos posible con el medio ambiente.<\/p>\t\t\t\t\t<\/div>\n\t\t\t\t\t\t<\/div>\n\t\t\t\t<\/div>\n\t\t\t\t<div class=\"elementor-element elementor-element-43b7459 elementor-widget elementor-widget-ee-popup\" data-id=\"43b7459\" data-element_type=\"widget\" data-settings=\"{&quot;popup_type&quot;:&quot;image&quot;,&quot;refresh_widgets&quot;:&quot;yes&quot;,&quot;popup_animation&quot;:&quot;zoom-in&quot;,&quot;popup_preloader&quot;:&quot;yes&quot;,&quot;popup_fixed&quot;:&quot;yes&quot;,&quot;popup_close_on_bg&quot;:&quot;yes&quot;,&quot;popup_close_on_escape&quot;:&quot;yes&quot;,&quot;popup_vertical_fit&quot;:&quot;yes&quot;,&quot;popup_trigger&quot;:&quot;click&quot;,&quot;popup_click_target&quot;:&quot;text&quot;,&quot;popup_close_position&quot;:&quot;outside&quot;,&quot;popup_close_halign&quot;:&quot;right&quot;,&quot;popup_close_valign&quot;:&quot;top&quot;,&quot;popup_valign&quot;:&quot;middle&quot;}\" data-widget_type=\"ee-popup.classic\">\n\t\t\t\t<div class=\"elementor-widget-container\">\n\t\t\t<div class=\"ee-popup ee-popup--trigger-text\" id=\"popup-43b7459\">\n\t\t\t<a data-elementor-open-lightbox=\"no\" title=\"\" class=\"ee-popup__trigger ee-popup__trigger--click\" href=\"https:\/\/mateunierga.com\/wp-content\/uploads\/2020\/12\/qima-doc-01.png\">Ver Certificado<\/a>\n\n\t\t\t<div class=\"ee-popup__content zoom-anim-dialog mfp-hide mfp-with-anim\" id=\"ee_popup__trigger-43b7459\">\n\t\t\t\t\t\t\t\t<div class=\"ee-popup__content__body\"><\/div>\t\t\t\t\t\t\t<\/div>\n\t\t<\/div>\t\t<\/div>\n\t\t\t\t<\/div>\n\t\t\t\t\t\t<\/div>\n\t\t\t\t\t<\/div>\n\t\t<\/div>\n\t\t\t\t\t\t\t\t<\/div>\n\t\t\t\t\t<\/div>\n\t\t<\/section>\n\t\t\t\t<section class=\"elementor-section elementor-top-section elementor-element elementor-element-8c6b51b elementor-section-height-min-height elementor-section-full_width elementor-section-items-stretch elementor-section-height-default\" data-id=\"8c6b51b\" data-element_type=\"section\" data-settings=\"{&quot;background_background&quot;:&quot;classic&quot;}\">\n\t\t\t\t\t\t<div class=\"elementor-container elementor-column-gap-default\">\n\t\t\t\t\t\t\t<div class=\"elementor-row\">\n\t\t\t\t\t<div class=\"elementor-column elementor-col-50 elementor-top-column elementor-element elementor-element-d239e43\" data-id=\"d239e43\" data-element_type=\"column\">\n\t\t\t<div class=\"elementor-column-wrap elementor-element-populated\">\n\t\t\t\t\t\t\t<div class=\"elementor-widget-wrap\">\n\t\t\t\t\t\t<section class=\"elementor-section elementor-inner-section elementor-element elementor-element-86ed90f elementor-section-boxed elementor-section-height-default elementor-section-height-default\" data-id=\"86ed90f\" data-element_type=\"section\" id=\"columna-controles\">\n\t\t\t\t\t\t<div class=\"elementor-container elementor-column-gap-default\">\n\t\t\t\t\t\t\t<div class=\"elementor-row\">\n\t\t\t\t\t<div class=\"elementor-column elementor-col-100 elementor-inner-column elementor-element elementor-element-c7570e8\" data-id=\"c7570e8\" data-element_type=\"column\" data-settings=\"{&quot;background_background&quot;:&quot;classic&quot;}\">\n\t\t\t<div class=\"elementor-column-wrap elementor-element-populated\">\n\t\t\t\t\t\t\t<div class=\"elementor-widget-wrap\">\n\t\t\t\t\t\t<div class=\"elementor-element elementor-element-8e21be0 elementor-widget elementor-widget-heading\" data-id=\"8e21be0\" data-element_type=\"widget\" data-widget_type=\"heading.default\">\n\t\t\t\t<div class=\"elementor-widget-container\">\n\t\t\t<h2 class=\"elementor-heading-title elementor-size-default\">Certificaciones y <br><span style=\"color:#257D53;\">Controles de Calidad<\/span><\/h2>\t\t<\/div>\n\t\t\t\t<\/div>\n\t\t\t\t<div class=\"elementor-element elementor-element-4ea23db elementor-widget elementor-widget-text-editor\" data-id=\"4ea23db\" data-element_type=\"widget\" data-widget_type=\"text-editor.default\">\n\t\t\t\t<div class=\"elementor-widget-container\">\n\t\t\t\t\t\t\t\t<div class=\"elementor-text-editor elementor-clearfix\">\n\t\t\t\t<p>Para poder garantizar la satisfacci\u00f3n a nuestros Clientes con el trabajo bien hecho, la empresa <span style=\"color: #257d53;\"><strong>MATEU NIERGA S.L.<\/strong><\/span>\u00a0opt\u00f3 por conseguir la certificaci\u00f3n de calidad ISO-9001\/2008.<\/p>\t\t\t\t\t<\/div>\n\t\t\t\t\t\t<\/div>\n\t\t\t\t<\/div>\n\t\t\t\t<div class=\"elementor-element elementor-element-31e0a77 elementor-widget elementor-widget-text-editor\" data-id=\"31e0a77\" data-element_type=\"widget\" data-widget_type=\"text-editor.default\">\n\t\t\t\t<div class=\"elementor-widget-container\">\n\t\t\t\t\t\t\t\t<div class=\"elementor-text-editor elementor-clearfix\">\n\t\t\t\t<p>Los altos controles que nos impone la consecuci\u00f3n y aprobaci\u00f3n de esta norma, obliga a la empresa <span style=\"color: #257d53;\"><strong>MATEU NIERGA S.L.<\/strong><\/span> a establecer unos estrictos controles de calidad que se traducen en una garant\u00eda adicional para nuestros Clientes.<\/p>\t\t\t\t\t<\/div>\n\t\t\t\t\t\t<\/div>\n\t\t\t\t<\/div>\n\t\t\t\t<div class=\"elementor-element elementor-element-af8d57e elementor-widget__width-auto elementor-widget elementor-widget-image\" data-id=\"af8d57e\" data-element_type=\"widget\" data-widget_type=\"image.default\">\n\t\t\t\t<div class=\"elementor-widget-container\">\n\t\t\t\t\t\t\t\t<div class=\"elementor-image\">\n\t\t\t\t\t\t\t\t\t\t\t\t<img width=\"127\" height=\"61\" src=\"https:\/\/mateunierga.com\/wp-content\/uploads\/2020\/12\/footer-logo-cert-1.jpg\" class=\"attachment-large size-large wp-image-486\" alt=\"\" loading=\"lazy\" \/>\t\t\t\t\t\t\t\t\t\t\t\t\t\t<\/div>\n\t\t\t\t\t\t<\/div>\n\t\t\t\t<\/div>\n\t\t\t\t<div class=\"elementor-element elementor-element-eb6859b elementor-widget__width-auto elementor-widget elementor-widget-ee-popup\" data-id=\"eb6859b\" data-element_type=\"widget\" data-settings=\"{&quot;popup_type&quot;:&quot;image&quot;,&quot;refresh_widgets&quot;:&quot;yes&quot;,&quot;popup_animation&quot;:&quot;zoom-in&quot;,&quot;popup_preloader&quot;:&quot;yes&quot;,&quot;popup_fixed&quot;:&quot;yes&quot;,&quot;popup_close_on_bg&quot;:&quot;yes&quot;,&quot;popup_close_on_escape&quot;:&quot;yes&quot;,&quot;popup_vertical_fit&quot;:&quot;yes&quot;,&quot;popup_trigger&quot;:&quot;click&quot;,&quot;popup_click_target&quot;:&quot;text&quot;,&quot;popup_close_position&quot;:&quot;outside&quot;,&quot;popup_close_halign&quot;:&quot;right&quot;,&quot;popup_close_valign&quot;:&quot;top&quot;,&quot;popup_valign&quot;:&quot;middle&quot;}\" data-widget_type=\"ee-popup.classic\">\n\t\t\t\t<div class=\"elementor-widget-container\">\n\t\t\t<div class=\"ee-popup ee-popup--trigger-text\" id=\"popup-eb6859b\">\n\t\t\t<a data-elementor-open-lightbox=\"no\" title=\"\" class=\"ee-popup__trigger ee-popup__trigger--click\" href=\"https:\/\/mateunierga.com\/wp-content\/uploads\/2020\/12\/qima-doc-03.png\">Ver Certificaci\u00f3n<\/a>\n\n\t\t\t<div class=\"ee-popup__content zoom-anim-dialog mfp-hide mfp-with-anim\" id=\"ee_popup__trigger-eb6859b\">\n\t\t\t\t\t\t\t\t<div class=\"ee-popup__content__body\"><\/div>\t\t\t\t\t\t\t<\/div>\n\t\t<\/div>\t\t<\/div>\n\t\t\t\t<\/div>\n\t\t\t\t\t\t<\/div>\n\t\t\t\t\t<\/div>\n\t\t<\/div>\n\t\t\t\t\t\t\t\t<\/div>\n\t\t\t\t\t<\/div>\n\t\t<\/section>\n\t\t\t\t\t\t<\/div>\n\t\t\t\t\t<\/div>\n\t\t<\/div>\n\t\t\t\t<div class=\"elementor-column elementor-col-50 elementor-top-column elementor-element elementor-element-ddabc0d\" data-id=\"ddabc0d\" data-element_type=\"column\" data-settings=\"{&quot;background_background&quot;:&quot;classic&quot;}\">\n\t\t\t<div class=\"elementor-column-wrap elementor-element-populated\">\n\t\t\t\t\t\t\t<div class=\"elementor-widget-wrap\">\n\t\t\t\t\t\t<div class=\"elementor-element elementor-element-ec7adc1 elementor-widget elementor-widget-spacer\" data-id=\"ec7adc1\" data-element_type=\"widget\" data-widget_type=\"spacer.default\">\n\t\t\t\t<div class=\"elementor-widget-container\">\n\t\t\t\t\t<div class=\"elementor-spacer\">\n\t\t\t<div class=\"elementor-spacer-inner\"><\/div>\n\t\t<\/div>\n\t\t\t\t<\/div>\n\t\t\t\t<\/div>\n\t\t\t\t\t\t<\/div>\n\t\t\t\t\t<\/div>\n\t\t<\/div>\n\t\t\t\t\t\t\t\t<\/div>\n\t\t\t\t\t<\/div>\n\t\t<\/section>\n\t\t\t\t<section class=\"elementor-section elementor-top-section elementor-element elementor-element-4e399b4 elementor-section-full_width elementor-section-height-default elementor-section-height-default\" data-id=\"4e399b4\" data-element_type=\"section\">\n\t\t\t\t\t\t<div class=\"elementor-container elementor-column-gap-default\">\n\t\t\t\t\t\t\t<div class=\"elementor-row\">\n\t\t\t\t\t<div class=\"elementor-column elementor-col-100 elementor-top-column elementor-element elementor-element-478ad76\" data-id=\"478ad76\" data-element_type=\"column\">\n\t\t\t<div class=\"elementor-column-wrap elementor-element-populated\">\n\t\t\t\t\t\t\t<div class=\"elementor-widget-wrap\">\n\t\t\t\t\t\t<div class=\"elementor-element elementor-element-c4ba459 elementor-widget elementor-widget-template\" data-id=\"c4ba459\" data-element_type=\"widget\" data-widget_type=\"template.default\">\n\t\t\t\t<div class=\"elementor-widget-container\">\n\t\t\t\t\t<div class=\"elementor-template\">\n\t\t\t\t\t<div data-elementor-type=\"section\" data-elementor-id=\"1884\" class=\"elementor elementor-1884 elementor-1630\">\n\t\t\t\t\t<div class=\"elementor-section-wrap\">\n\t\t\t\t\t\t\t\t<section class=\"elementor-section elementor-top-section elementor-element elementor-element-60a17a04 elementor-section-height-min-height elementor-section-boxed elementor-section-height-default elementor-section-items-middle\" data-id=\"60a17a04\" data-element_type=\"section\" data-settings=\"{&quot;background_background&quot;:&quot;classic&quot;}\">\n\t\t\t\t\t\t\t<div class=\"elementor-background-overlay\"><\/div>\n\t\t\t\t\t\t\t<div class=\"elementor-container elementor-column-gap-default\">\n\t\t\t\t\t\t\t<div class=\"elementor-row\">\n\t\t\t\t\t<div class=\"elementor-column elementor-col-100 elementor-top-column elementor-element elementor-element-64667a39\" data-id=\"64667a39\" data-element_type=\"column\">\n\t\t\t<div class=\"elementor-column-wrap elementor-element-populated\">\n\t\t\t\t\t\t\t<div class=\"elementor-widget-wrap\">\n\t\t\t\t\t\t<div class=\"elementor-element elementor-element-6cc91ec6 elementor-widget-divider--view-line elementor-widget elementor-widget-divider\" data-id=\"6cc91ec6\" data-element_type=\"widget\" data-widget_type=\"divider.default\">\n\t\t\t\t<div class=\"elementor-widget-container\">\n\t\t\t\t\t<div class=\"elementor-divider\">\n\t\t\t<span class=\"elementor-divider-separator\">\n\t\t\t\t\t\t<\/span>\n\t\t<\/div>\n\t\t\t\t<\/div>\n\t\t\t\t<\/div>\n\t\t\t\t<div class=\"elementor-element elementor-element-308931f0 elementor-widget elementor-widget-heading\" data-id=\"308931f0\" data-element_type=\"widget\" data-widget_type=\"heading.default\">\n\t\t\t\t<div class=\"elementor-widget-container\">\n\t\t\t<h3 class=\"elementor-heading-title elementor-size-default\">Contacta con nosotros<\/h3>\t\t<\/div>\n\t\t\t\t<\/div>\n\t\t\t\t<div class=\"elementor-element elementor-element-563268cf elementor-widget elementor-widget-text-editor\" data-id=\"563268cf\" data-element_type=\"widget\" data-widget_type=\"text-editor.default\">\n\t\t\t\t<div class=\"elementor-widget-container\">\n\t\t\t\t\t\t\t\t<div class=\"elementor-text-editor elementor-clearfix\">\n\t\t\t\t<p>Si necesitas m\u00e1s informaci\u00f3n acerca de nuestros servicios contacta con nuestro departamento de atenci\u00f3n al cliente, estaremos encantados de atenderte y solucionar tus dudas.<\/p>\n\t\t\t\t\t<\/div>\n\t\t\t\t\t\t<\/div>\n\t\t\t\t<\/div>\n\t\t\t\t<div class=\"elementor-element elementor-element-36752759 elementor-align-center elementor-widget elementor-widget-button\" data-id=\"36752759\" data-element_type=\"widget\" data-widget_type=\"button.default\">\n\t\t\t\t<div class=\"elementor-widget-container\">\n\t\t\t\t\t<div class=\"elementor-button-wrapper\">\n\t\t\t<a href=\"http:\/\/mateunierga.com\/contacto\/\" target=\"_blank\" rel=\"nofollow\" class=\"elementor-button-link elementor-button elementor-size-sm\" role=\"button\">\n\t\t\t\t\t\t<span class=\"elementor-button-content-wrapper\">\n\t\t\t\t\t\t<span class=\"elementor-button-text\">\u00bfHablamos?<\/span>\n\t\t<\/span>\n\t\t\t\t\t<\/a>\n\t\t<\/div>\n\t\t\t\t<\/div>\n\t\t\t\t<\/div>\n\t\t\t\t\t\t<\/div>\n\t\t\t\t\t<\/div>\n\t\t<\/div>\n\t\t\t\t\t\t\t\t<\/div>\n\t\t\t\t\t<\/div>\n\t\t<\/section>\n\t\t\t\t\t\t\t<\/div>\n\t\t\t\t<\/div>\n\t\t\t\t<\/div>\n\t\t\t\t<\/div>\n\t\t\t\t<\/div>\n\t\t\t\t\t\t<\/div>\n\t\t\t\t\t<\/div>\n\t\t<\/div>\n\t\t\t\t\t\t\t\t<\/div>\n\t\t\t\t\t<\/div>\n\t\t<\/section>\n\t\t\t\t\t\t\t\t\t<\/div>\n\t\t\t<\/div>\n\t\t\t\t\t<\/div>\n\t\t","protected":false},"excerpt":{"rendered":"<p>Soluciones y Alternativas Energ\u00e9ticas Aportamos soluciones y alternativas energ\u00e9ticas a Clientes particulares e industriales para poder aprovechar los recursos energ\u00e9ticos que nos ofrece la naturaleza de forma natural, ecol\u00f3gica y renovable para substituir o minimizar la dependencia energ\u00e9tica de fondo NO renovable y contribuir a la mejora del medio ambiente que nos rodea. Creemos que [&hellip;]<\/p>\n","protected":false},"author":1,"featured_media":0,"parent":0,"menu_order":0,"comment_status":"closed","ping_status":"closed","template":"","meta":[],"yoast_head":"<!-- This site is optimized with the Yoast SEO plugin v18.4.1 - https:\/\/yoast.com\/wordpress\/plugins\/seo\/ -->\n<title>Calidad y medio ambiente - Mateu Nierga<\/title>\n<meta name=\"robots\" content=\"index, follow, max-snippet:-1, max-image-preview:large, max-video-preview:-1\" \/>\n<link rel=\"canonical\" href=\"https:\/\/mateunierga.com\/es\/calidad-y-medio-ambiente\/\" \/>\n<meta property=\"og:locale\" content=\"es_ES\" \/>\n<meta property=\"og:type\" content=\"article\" \/>\n<meta property=\"og:title\" content=\"Calidad y medio ambiente - Mateu Nierga\" \/>\n<meta property=\"og:description\" content=\"Soluciones y Alternativas Energ\u00e9ticas Aportamos soluciones y alternativas energ\u00e9ticas a Clientes particulares e industriales para poder aprovechar los recursos energ\u00e9ticos que nos ofrece la naturaleza de forma natural, ecol\u00f3gica y renovable para substituir o minimizar la dependencia energ\u00e9tica de fondo NO renovable y contribuir a la mejora del medio ambiente que nos rodea. Creemos que [&hellip;]\" \/>\n<meta property=\"og:url\" content=\"https:\/\/mateunierga.com\/es\/calidad-y-medio-ambiente\/\" \/>\n<meta property=\"og:site_name\" content=\"Mateu Nierga\" \/>\n<meta property=\"article:modified_time\" content=\"2021-02-15T08:27:22+00:00\" \/>\n<meta property=\"og:image\" content=\"http:\/\/mateunierga.com\/wp-content\/uploads\/2020\/12\/footer-logo-cert-1.jpg\" \/>\n<meta name=\"twitter:card\" content=\"summary_large_image\" \/>\n<meta name=\"twitter:label1\" content=\"Tiempo de lectura\" \/>\n\t<meta name=\"twitter:data1\" content=\"2 minutos\" \/>\n<script type=\"application\/ld+json\" class=\"yoast-schema-graph\">{\"@context\":\"https:\/\/schema.org\",\"@graph\":[{\"@type\":\"WebSite\",\"@id\":\"https:\/\/mateunierga.com\/es\/#website\",\"url\":\"https:\/\/mateunierga.com\/es\/\",\"name\":\"Mateu Nierga\",\"description\":\"Instalaciones y Mantenimientos Industriales\",\"potentialAction\":[{\"@type\":\"SearchAction\",\"target\":{\"@type\":\"EntryPoint\",\"urlTemplate\":\"https:\/\/mateunierga.com\/es\/?s={search_term_string}\"},\"query-input\":\"required name=search_term_string\"}],\"inLanguage\":\"es\"},{\"@type\":\"ImageObject\",\"@id\":\"https:\/\/mateunierga.com\/es\/calidad-y-medio-ambiente\/#primaryimage\",\"inLanguage\":\"es\",\"url\":\"http:\/\/mateunierga.com\/wp-content\/uploads\/2020\/12\/footer-logo-cert-1.jpg\",\"contentUrl\":\"http:\/\/mateunierga.com\/wp-content\/uploads\/2020\/12\/footer-logo-cert-1.jpg\"},{\"@type\":\"WebPage\",\"@id\":\"https:\/\/mateunierga.com\/es\/calidad-y-medio-ambiente\/#webpage\",\"url\":\"https:\/\/mateunierga.com\/es\/calidad-y-medio-ambiente\/\",\"name\":\"Calidad y medio ambiente - Mateu Nierga\",\"isPartOf\":{\"@id\":\"https:\/\/mateunierga.com\/es\/#website\"},\"primaryImageOfPage\":{\"@id\":\"https:\/\/mateunierga.com\/es\/calidad-y-medio-ambiente\/#primaryimage\"},\"datePublished\":\"2020-12-22T15:57:31+00:00\",\"dateModified\":\"2021-02-15T08:27:22+00:00\",\"breadcrumb\":{\"@id\":\"https:\/\/mateunierga.com\/es\/calidad-y-medio-ambiente\/#breadcrumb\"},\"inLanguage\":\"es\",\"potentialAction\":[{\"@type\":\"ReadAction\",\"target\":[\"https:\/\/mateunierga.com\/es\/calidad-y-medio-ambiente\/\"]}]},{\"@type\":\"BreadcrumbList\",\"@id\":\"https:\/\/mateunierga.com\/es\/calidad-y-medio-ambiente\/#breadcrumb\",\"itemListElement\":[{\"@type\":\"ListItem\",\"position\":1,\"name\":\"Portada\",\"item\":\"https:\/\/mateunierga.com\/es\/\"},{\"@type\":\"ListItem\",\"position\":2,\"name\":\"Calidad y medio ambiente\"}]}]}<\/script>\n<!-- \/ Yoast SEO plugin. -->","yoast_head_json":{"title":"Calidad y medio ambiente - Mateu Nierga","robots":{"index":"index","follow":"follow","max-snippet":"max-snippet:-1","max-image-preview":"max-image-preview:large","max-video-preview":"max-video-preview:-1"},"canonical":"https:\/\/mateunierga.com\/es\/calidad-y-medio-ambiente\/","og_locale":"es_ES","og_type":"article","og_title":"Calidad y medio ambiente - Mateu Nierga","og_description":"Soluciones y Alternativas Energ\u00e9ticas Aportamos soluciones y alternativas energ\u00e9ticas a Clientes particulares e industriales para poder aprovechar los recursos energ\u00e9ticos que nos ofrece la naturaleza de forma natural, ecol\u00f3gica y renovable para substituir o minimizar la dependencia energ\u00e9tica de fondo NO renovable y contribuir a la mejora del medio ambiente que nos rodea. Creemos que [&hellip;]","og_url":"https:\/\/mateunierga.com\/es\/calidad-y-medio-ambiente\/","og_site_name":"Mateu Nierga","article_modified_time":"2021-02-15T08:27:22+00:00","og_image":[{"url":"http:\/\/mateunierga.com\/wp-content\/uploads\/2020\/12\/footer-logo-cert-1.jpg"}],"twitter_card":"summary_large_image","twitter_misc":{"Tiempo de lectura":"2 minutos"},"schema":{"@context":"https:\/\/schema.org","@graph":[{"@type":"WebSite","@id":"https:\/\/mateunierga.com\/es\/#website","url":"https:\/\/mateunierga.com\/es\/","name":"Mateu Nierga","description":"Instalaciones y Mantenimientos Industriales","potentialAction":[{"@type":"SearchAction","target":{"@type":"EntryPoint","urlTemplate":"https:\/\/mateunierga.com\/es\/?s={search_term_string}"},"query-input":"required name=search_term_string"}],"inLanguage":"es"},{"@type":"ImageObject","@id":"https:\/\/mateunierga.com\/es\/calidad-y-medio-ambiente\/#primaryimage","inLanguage":"es","url":"http:\/\/mateunierga.com\/wp-content\/uploads\/2020\/12\/footer-logo-cert-1.jpg","contentUrl":"http:\/\/mateunierga.com\/wp-content\/uploads\/2020\/12\/footer-logo-cert-1.jpg"},{"@type":"WebPage","@id":"https:\/\/mateunierga.com\/es\/calidad-y-medio-ambiente\/#webpage","url":"https:\/\/mateunierga.com\/es\/calidad-y-medio-ambiente\/","name":"Calidad y medio ambiente - Mateu Nierga","isPartOf":{"@id":"https:\/\/mateunierga.com\/es\/#website"},"primaryImageOfPage":{"@id":"https:\/\/mateunierga.com\/es\/calidad-y-medio-ambiente\/#primaryimage"},"datePublished":"2020-12-22T15:57:31+00:00","dateModified":"2021-02-15T08:27:22+00:00","breadcrumb":{"@id":"https:\/\/mateunierga.com\/es\/calidad-y-medio-ambiente\/#breadcrumb"},"inLanguage":"es","potentialAction":[{"@type":"ReadAction","target":["https:\/\/mateunierga.com\/es\/calidad-y-medio-ambiente\/"]}]},{"@type":"BreadcrumbList","@id":"https:\/\/mateunierga.com\/es\/calidad-y-medio-ambiente\/#breadcrumb","itemListElement":[{"@type":"ListItem","position":1,"name":"Portada","item":"https:\/\/mateunierga.com\/es\/"},{"@type":"ListItem","position":2,"name":"Calidad y medio ambiente"}]}]}},"_links":{"self":[{"href":"https:\/\/mateunierga.com\/es\/wp-json\/wp\/v2\/pages\/14"}],"collection":[{"href":"https:\/\/mateunierga.com\/es\/wp-json\/wp\/v2\/pages"}],"about":[{"href":"https:\/\/mateunierga.com\/es\/wp-json\/wp\/v2\/types\/page"}],"author":[{"embeddable":true,"href":"https:\/\/mateunierga.com\/es\/wp-json\/wp\/v2\/users\/1"}],"replies":[{"embeddable":true,"href":"https:\/\/mateunierga.com\/es\/wp-json\/wp\/v2\/comments?post=14"}],"version-history":[{"count":62,"href":"https:\/\/mateunierga.com\/es\/wp-json\/wp\/v2\/pages\/14\/revisions"}],"predecessor-version":[{"id":1990,"href":"https:\/\/mateunierga.com\/es\/wp-json\/wp\/v2\/pages\/14\/revisions\/1990"}],"wp:attachment":[{"href":"https:\/\/mateunierga.com\/es\/wp-json\/wp\/v2\/media?parent=14"}],"curies":[{"name":"wp","href":"https:\/\/api.w.org\/{rel}","templated":true}]}}