{"id":232,"date":"2020-12-24T07:42:53","date_gmt":"2020-12-24T07:42:53","guid":{"rendered":"http:\/\/mateunierga.com\/?page_id=232"},"modified":"2021-02-17T23:26:50","modified_gmt":"2021-02-17T23:26:50","slug":"proyectos-y-legalizaciones","status":"publish","type":"page","link":"https:\/\/mateunierga.com\/es\/servicios\/proyectos-y-legalizaciones\/","title":{"rendered":"Proyectos y legalizaciones"},"content":{"rendered":"\t\t<div data-elementor-type=\"wp-page\" data-elementor-id=\"232\" class=\"elementor elementor-232\">\n\t\t\t\t\t\t<div class=\"elementor-inner\">\n\t\t\t\t<div class=\"elementor-section-wrap\">\n\t\t\t\t\t\t\t\t\t<section class=\"elementor-section elementor-top-section elementor-element elementor-element-f4a9203 elementor-section-height-min-height elementor-section-items-stretch elementor-section-boxed elementor-section-height-default\" data-id=\"f4a9203\" data-element_type=\"section\" data-settings=\"{&quot;background_background&quot;:&quot;classic&quot;}\">\n\t\t\t\t\t\t\t<div class=\"elementor-background-overlay\"><\/div>\n\t\t\t\t\t\t\t<div class=\"elementor-container elementor-column-gap-default\">\n\t\t\t\t\t\t\t<div class=\"elementor-row\">\n\t\t\t\t\t<div class=\"elementor-column elementor-col-100 elementor-top-column elementor-element elementor-element-18731da\" data-id=\"18731da\" data-element_type=\"column\">\n\t\t\t<div class=\"elementor-column-wrap elementor-element-populated\">\n\t\t\t\t\t\t\t<div class=\"elementor-widget-wrap\">\n\t\t\t\t\t\t<div class=\"elementor-element elementor-element-b9efc2a elementor-widget elementor-widget-heading\" data-id=\"b9efc2a\" data-element_type=\"widget\" data-widget_type=\"heading.default\">\n\t\t\t\t<div class=\"elementor-widget-container\">\n\t\t\t<h1 class=\"elementor-heading-title elementor-size-default\">Proyectos y legalizaciones<\/h1>\t\t<\/div>\n\t\t\t\t<\/div>\n\t\t\t\t\t\t<\/div>\n\t\t\t\t\t<\/div>\n\t\t<\/div>\n\t\t\t\t\t\t\t\t<\/div>\n\t\t\t\t\t<\/div>\n\t\t<\/section>\n\t\t\t\t<section class=\"elementor-section elementor-top-section elementor-element elementor-element-b869533 elementor-section-boxed elementor-section-height-default elementor-section-height-default\" data-id=\"b869533\" data-element_type=\"section\">\n\t\t\t\t\t\t<div class=\"elementor-container elementor-column-gap-default\">\n\t\t\t\t\t\t\t<div class=\"elementor-row\">\n\t\t\t\t\t<div class=\"elementor-column elementor-col-50 elementor-top-column elementor-element elementor-element-52585b2\" data-id=\"52585b2\" data-element_type=\"column\">\n\t\t\t<div class=\"elementor-column-wrap elementor-element-populated\">\n\t\t\t\t\t\t\t<div class=\"elementor-widget-wrap\">\n\t\t\t\t\t\t<div class=\"elementor-element elementor-element-5086497 elementor-hidden-phone elementor-widget elementor-widget-global elementor-global-556 elementor-widget-ee-breadcrumbs\" data-id=\"5086497\" data-element_type=\"widget\" data-widget_type=\"ee-breadcrumbs.default\">\n\t\t\t\t<div class=\"elementor-widget-container\">\n\t\t\t<ul class=\"ee-breadcrumbs\" itemscope=\"\" itemtype=\"http:\/\/schema.org\/BreadcrumbList\"><\/ul>\t\t<\/div>\n\t\t\t\t<\/div>\n\t\t\t\t<div class=\"elementor-element elementor-element-2aed0c5 elementor-widget elementor-widget-heading\" data-id=\"2aed0c5\" data-element_type=\"widget\" data-widget_type=\"heading.default\">\n\t\t\t\t<div class=\"elementor-widget-container\">\n\t\t\t<h2 class=\"elementor-heading-title elementor-size-default\">Legalizaciones, <br><span style=\"color:#257D53;\">Tr\u00e1mites y Proyectos<\/span><\/h2>\t\t<\/div>\n\t\t\t\t<\/div>\n\t\t\t\t\t\t<\/div>\n\t\t\t\t\t<\/div>\n\t\t<\/div>\n\t\t\t\t<div class=\"elementor-column elementor-col-50 elementor-top-column elementor-element elementor-element-7fa0340\" data-id=\"7fa0340\" data-element_type=\"column\">\n\t\t\t<div class=\"elementor-column-wrap elementor-element-populated\">\n\t\t\t\t\t\t\t<div class=\"elementor-widget-wrap\">\n\t\t\t\t\t\t<div class=\"elementor-element elementor-element-8505ffa elementor-widget elementor-widget-text-editor\" data-id=\"8505ffa\" data-element_type=\"widget\" data-widget_type=\"text-editor.default\">\n\t\t\t\t<div class=\"elementor-widget-container\">\n\t\t\t\t\t\t\t\t<div class=\"elementor-text-editor elementor-clearfix\">\n\t\t\t\t<p>Dentro de la estructura de la empresa <span style=\"color: #257d53;\"><strong>MATEU NIERGA S.L.<\/strong><\/span>\u00a0disponemos del Departamento T\u00e9cnico con ingenieros superiores, ingenieros t\u00e9cnicos y aparejadores que nos permiten optar a la realizaci\u00f3n de cualquier tipo de tr\u00e1mite, legalizaci\u00f3n o proyecto.<br \/>Contamos con graduados superiores en Prevenci\u00f3n y Riesgos Industriales Superiores.<\/p>\t\t\t\t\t<\/div>\n\t\t\t\t\t\t<\/div>\n\t\t\t\t<\/div>\n\t\t\t\t<div class=\"elementor-element elementor-element-dc5c105 elementor-align-left elementor-widget elementor-widget-button\" data-id=\"dc5c105\" data-element_type=\"widget\" data-widget_type=\"button.default\">\n\t\t\t\t<div class=\"elementor-widget-container\">\n\t\t\t\t\t<div class=\"elementor-button-wrapper\">\n\t\t\t<a href=\"http:\/\/mateunierga.com\/proyectos\/\" target=\"_blank\" rel=\"nofollow\" class=\"elementor-button-link elementor-button elementor-size-sm\" role=\"button\">\n\t\t\t\t\t\t<span class=\"elementor-button-content-wrapper\">\n\t\t\t\t\t\t<span class=\"elementor-button-text\">Ver Proyectos<\/span>\n\t\t<\/span>\n\t\t\t\t\t<\/a>\n\t\t<\/div>\n\t\t\t\t<\/div>\n\t\t\t\t<\/div>\n\t\t\t\t\t\t<\/div>\n\t\t\t\t\t<\/div>\n\t\t<\/div>\n\t\t\t\t\t\t\t\t<\/div>\n\t\t\t\t\t<\/div>\n\t\t<\/section>\n\t\t\t\t<section class=\"elementor-section elementor-top-section elementor-element elementor-element-68aacad elementor-section-height-min-height elementor-section-full_width elementor-section-items-stretch elementor-reverse-mobile elementor-section-height-default\" data-id=\"68aacad\" data-element_type=\"section\" data-settings=\"{&quot;background_background&quot;:&quot;classic&quot;}\">\n\t\t\t\t\t\t<div class=\"elementor-container elementor-column-gap-default\">\n\t\t\t\t\t\t\t<div class=\"elementor-row\">\n\t\t\t\t\t<div class=\"elementor-column elementor-col-50 elementor-top-column elementor-element elementor-element-f5b4472\" data-id=\"f5b4472\" data-element_type=\"column\">\n\t\t\t<div class=\"elementor-column-wrap elementor-element-populated\">\n\t\t\t\t\t\t\t<div class=\"elementor-widget-wrap\">\n\t\t\t\t\t\t<div class=\"elementor-element elementor-element-fd7aed3 elementor-widget elementor-widget-heading\" data-id=\"fd7aed3\" data-element_type=\"widget\" data-widget_type=\"heading.default\">\n\t\t\t\t<div class=\"elementor-widget-container\">\n\t\t\t<h2 class=\"elementor-heading-title elementor-size-default\">Certificaciones y <br><span style=\"color:#257D53;\">Controles de Calidad<\/span><\/h2>\t\t<\/div>\n\t\t\t\t<\/div>\n\t\t\t\t<div class=\"elementor-element elementor-element-2961a65 elementor-widget elementor-widget-text-editor\" data-id=\"2961a65\" data-element_type=\"widget\" data-widget_type=\"text-editor.default\">\n\t\t\t\t<div class=\"elementor-widget-container\">\n\t\t\t\t\t\t\t\t<div class=\"elementor-text-editor elementor-clearfix\">\n\t\t\t\t<p>Para poder garantizar la satisfacci\u00f3n a nuestros Clientes con el trabajo bien hecho, la empresa <span style=\"color: #257d53;\"><strong>MATEU NIERGA S.L.<\/strong><\/span>\u00a0opt\u00f3 por conseguir la certificaci\u00f3n de calidad ISO-9001\/2008.<\/p>\t\t\t\t\t<\/div>\n\t\t\t\t\t\t<\/div>\n\t\t\t\t<\/div>\n\t\t\t\t<div class=\"elementor-element elementor-element-d3c4900 elementor-widget elementor-widget-text-editor\" data-id=\"d3c4900\" data-element_type=\"widget\" data-widget_type=\"text-editor.default\">\n\t\t\t\t<div class=\"elementor-widget-container\">\n\t\t\t\t\t\t\t\t<div class=\"elementor-text-editor elementor-clearfix\">\n\t\t\t\t<p>Los altos controles que nos impone la consecuci\u00f3n y aprobaci\u00f3n de esta norma, obliga a la empresa <span style=\"color: #257d53;\"><strong>MATEU NIERGA S.L.<\/strong><\/span> a establecer unos estrictos controles de calidad que se traducen en una garant\u00eda adicional para nuestros Clientes.<\/p>\t\t\t\t\t<\/div>\n\t\t\t\t\t\t<\/div>\n\t\t\t\t<\/div>\n\t\t\t\t<div class=\"elementor-element elementor-element-8cf2e6e elementor-widget__width-auto elementor-widget elementor-widget-image\" data-id=\"8cf2e6e\" data-element_type=\"widget\" data-widget_type=\"image.default\">\n\t\t\t\t<div class=\"elementor-widget-container\">\n\t\t\t\t\t\t\t\t<div class=\"elementor-image\">\n\t\t\t\t\t\t\t\t\t\t\t\t<img width=\"127\" height=\"61\" src=\"https:\/\/mateunierga.com\/wp-content\/uploads\/2020\/12\/footer-logo-cert-1.jpg\" class=\"attachment-large size-large wp-image-486\" alt=\"\" loading=\"lazy\" \/>\t\t\t\t\t\t\t\t\t\t\t\t\t\t<\/div>\n\t\t\t\t\t\t<\/div>\n\t\t\t\t<\/div>\n\t\t\t\t<div class=\"elementor-element elementor-element-a4500ff elementor-widget__width-auto elementor-widget elementor-widget-ee-popup\" data-id=\"a4500ff\" data-element_type=\"widget\" data-settings=\"{&quot;popup_type&quot;:&quot;image&quot;,&quot;refresh_widgets&quot;:&quot;yes&quot;,&quot;popup_animation&quot;:&quot;zoom-in&quot;,&quot;popup_preloader&quot;:&quot;yes&quot;,&quot;popup_fixed&quot;:&quot;yes&quot;,&quot;popup_close_on_bg&quot;:&quot;yes&quot;,&quot;popup_close_on_escape&quot;:&quot;yes&quot;,&quot;popup_vertical_fit&quot;:&quot;yes&quot;,&quot;popup_trigger&quot;:&quot;click&quot;,&quot;popup_click_target&quot;:&quot;text&quot;,&quot;popup_close_position&quot;:&quot;outside&quot;,&quot;popup_close_halign&quot;:&quot;right&quot;,&quot;popup_close_valign&quot;:&quot;top&quot;,&quot;popup_valign&quot;:&quot;middle&quot;}\" data-widget_type=\"ee-popup.classic\">\n\t\t\t\t<div class=\"elementor-widget-container\">\n\t\t\t<div class=\"ee-popup ee-popup--trigger-text\" id=\"popup-a4500ff\">\n\t\t\t<a data-elementor-open-lightbox=\"no\" title=\"\" class=\"ee-popup__trigger ee-popup__trigger--click\" href=\"https:\/\/mateunierga.com\/wp-content\/uploads\/2020\/12\/qima-doc-03.png\">Ver Certificaci\u00f3n<\/a>\n\n\t\t\t<div class=\"ee-popup__content zoom-anim-dialog mfp-hide mfp-with-anim\" id=\"ee_popup__trigger-a4500ff\">\n\t\t\t\t\t\t\t\t<div class=\"ee-popup__content__body\"><\/div>\t\t\t\t\t\t\t<\/div>\n\t\t<\/div>\t\t<\/div>\n\t\t\t\t<\/div>\n\t\t\t\t\t\t<\/div>\n\t\t\t\t\t<\/div>\n\t\t<\/div>\n\t\t\t\t<div class=\"elementor-column elementor-col-50 elementor-top-column elementor-element elementor-element-99079f6\" data-id=\"99079f6\" data-element_type=\"column\" data-settings=\"{&quot;background_background&quot;:&quot;classic&quot;}\">\n\t\t\t<div class=\"elementor-column-wrap elementor-element-populated\">\n\t\t\t\t\t\t\t<div class=\"elementor-widget-wrap\">\n\t\t\t\t\t\t<div class=\"elementor-element elementor-element-91348f5 elementor-widget elementor-widget-spacer\" data-id=\"91348f5\" data-element_type=\"widget\" data-widget_type=\"spacer.default\">\n\t\t\t\t<div class=\"elementor-widget-container\">\n\t\t\t\t\t<div class=\"elementor-spacer\">\n\t\t\t<div class=\"elementor-spacer-inner\"><\/div>\n\t\t<\/div>\n\t\t\t\t<\/div>\n\t\t\t\t<\/div>\n\t\t\t\t\t\t<\/div>\n\t\t\t\t\t<\/div>\n\t\t<\/div>\n\t\t\t\t\t\t\t\t<\/div>\n\t\t\t\t\t<\/div>\n\t\t<\/section>\n\t\t\t\t<section class=\"elementor-section elementor-top-section elementor-element elementor-element-30de620 elementor-section-boxed elementor-section-height-default elementor-section-height-default\" data-id=\"30de620\" data-element_type=\"section\">\n\t\t\t\t\t\t<div class=\"elementor-container elementor-column-gap-default\">\n\t\t\t\t\t\t\t<div class=\"elementor-row\">\n\t\t\t\t\t<div class=\"elementor-column elementor-col-50 elementor-top-column elementor-element elementor-element-75db893\" data-id=\"75db893\" data-element_type=\"column\" data-settings=\"{&quot;background_background&quot;:&quot;classic&quot;}\">\n\t\t\t<div class=\"elementor-column-wrap elementor-element-populated\">\n\t\t\t\t\t\t\t<div class=\"elementor-widget-wrap\">\n\t\t\t\t\t\t<div class=\"elementor-element elementor-element-fa8a306 elementor-widget elementor-widget-spacer\" data-id=\"fa8a306\" data-element_type=\"widget\" data-widget_type=\"spacer.default\">\n\t\t\t\t<div class=\"elementor-widget-container\">\n\t\t\t\t\t<div class=\"elementor-spacer\">\n\t\t\t<div class=\"elementor-spacer-inner\"><\/div>\n\t\t<\/div>\n\t\t\t\t<\/div>\n\t\t\t\t<\/div>\n\t\t\t\t\t\t<\/div>\n\t\t\t\t\t<\/div>\n\t\t<\/div>\n\t\t\t\t<div class=\"elementor-column elementor-col-50 elementor-top-column elementor-element elementor-element-6dfce85\" data-id=\"6dfce85\" data-element_type=\"column\">\n\t\t\t<div class=\"elementor-column-wrap elementor-element-populated\">\n\t\t\t\t\t\t\t<div class=\"elementor-widget-wrap\">\n\t\t\t\t\t\t<div class=\"elementor-element elementor-element-6a5d19d elementor-widget elementor-widget-heading\" data-id=\"6a5d19d\" data-element_type=\"widget\" data-widget_type=\"heading.default\">\n\t\t\t\t<div class=\"elementor-widget-container\">\n\t\t\t<h2 class=\"elementor-heading-title elementor-size-default\">Nuestros <span style=\"color:#257D53;\">Proyectos<\/span><\/h2>\t\t<\/div>\n\t\t\t\t<\/div>\n\t\t\t\t<div class=\"elementor-element elementor-element-e0d6cc2 elementor-widget elementor-widget-text-editor\" data-id=\"e0d6cc2\" data-element_type=\"widget\" data-widget_type=\"text-editor.default\">\n\t\t\t\t<div class=\"elementor-widget-container\">\n\t\t\t\t\t\t\t\t<div class=\"elementor-text-editor elementor-clearfix\">\n\t\t\t\tAportamos soluciones y alternativas energ\u00e9ticas a Clientes particulares e industriales para poder aprovechar los recursos energ\u00e9ticos que nos ofrece la naturaleza de forma natural, ecol\u00f3gica y renovable para substituir o minimizar la dependencia energ\u00e9tica de fondo NO renovable y contribuir a la mejora del medio ambiente que nos rodea.\t\t\t\t\t<\/div>\n\t\t\t\t\t\t<\/div>\n\t\t\t\t<\/div>\n\t\t\t\t<div class=\"elementor-element elementor-element-7d288f1 elementor-align-left elementor-widget elementor-widget-button\" data-id=\"7d288f1\" data-element_type=\"widget\" data-widget_type=\"button.default\">\n\t\t\t\t<div class=\"elementor-widget-container\">\n\t\t\t\t\t<div class=\"elementor-button-wrapper\">\n\t\t\t<a href=\"http:\/\/mateunierga.com\/proyectos\/\" class=\"elementor-button-link elementor-button elementor-size-sm\" role=\"button\">\n\t\t\t\t\t\t<span class=\"elementor-button-content-wrapper\">\n\t\t\t\t\t\t<span class=\"elementor-button-text\">Ver Proyectos<\/span>\n\t\t<\/span>\n\t\t\t\t\t<\/a>\n\t\t<\/div>\n\t\t\t\t<\/div>\n\t\t\t\t<\/div>\n\t\t\t\t\t\t<\/div>\n\t\t\t\t\t<\/div>\n\t\t<\/div>\n\t\t\t\t\t\t\t\t<\/div>\n\t\t\t\t\t<\/div>\n\t\t<\/section>\n\t\t\t\t<section class=\"elementor-section elementor-top-section elementor-element elementor-element-6233ac7 elementor-section-full_width elementor-section-height-default elementor-section-height-default\" data-id=\"6233ac7\" data-element_type=\"section\">\n\t\t\t\t\t\t<div class=\"elementor-container elementor-column-gap-default\">\n\t\t\t\t\t\t\t<div class=\"elementor-row\">\n\t\t\t\t\t<div class=\"elementor-column elementor-col-100 elementor-top-column elementor-element elementor-element-443f342\" data-id=\"443f342\" data-element_type=\"column\">\n\t\t\t<div class=\"elementor-column-wrap elementor-element-populated\">\n\t\t\t\t\t\t\t<div class=\"elementor-widget-wrap\">\n\t\t\t\t\t\t<div class=\"elementor-element elementor-element-f35625a elementor-widget elementor-widget-template\" data-id=\"f35625a\" data-element_type=\"widget\" data-widget_type=\"template.default\">\n\t\t\t\t<div class=\"elementor-widget-container\">\n\t\t\t\t\t<div class=\"elementor-template\">\n\t\t\t\t\t<div data-elementor-type=\"section\" data-elementor-id=\"1331\" class=\"elementor elementor-1331\">\n\t\t\t\t\t<div class=\"elementor-section-wrap\">\n\t\t\t\t\t\t\t\t<section class=\"elementor-section elementor-top-section elementor-element elementor-element-2dea67d8 elementor-section-height-min-height elementor-section-boxed elementor-section-height-default elementor-section-items-middle\" data-id=\"2dea67d8\" data-element_type=\"section\" data-settings=\"{&quot;background_background&quot;:&quot;classic&quot;}\">\n\t\t\t\t\t\t\t<div class=\"elementor-background-overlay\"><\/div>\n\t\t\t\t\t\t\t<div class=\"elementor-container elementor-column-gap-default\">\n\t\t\t\t\t\t\t<div class=\"elementor-row\">\n\t\t\t\t\t<div class=\"elementor-column elementor-col-100 elementor-top-column elementor-element elementor-element-3971e7f8\" data-id=\"3971e7f8\" data-element_type=\"column\">\n\t\t\t<div class=\"elementor-column-wrap elementor-element-populated\">\n\t\t\t\t\t\t\t<div class=\"elementor-widget-wrap\">\n\t\t\t\t\t\t<div class=\"elementor-element elementor-element-64311ce1 elementor-widget-divider--view-line elementor-widget elementor-widget-divider\" data-id=\"64311ce1\" data-element_type=\"widget\" data-widget_type=\"divider.default\">\n\t\t\t\t<div class=\"elementor-widget-container\">\n\t\t\t\t\t<div class=\"elementor-divider\">\n\t\t\t<span class=\"elementor-divider-separator\">\n\t\t\t\t\t\t<\/span>\n\t\t<\/div>\n\t\t\t\t<\/div>\n\t\t\t\t<\/div>\n\t\t\t\t<div class=\"elementor-element elementor-element-7896b297 elementor-widget elementor-widget-heading\" data-id=\"7896b297\" data-element_type=\"widget\" data-widget_type=\"heading.default\">\n\t\t\t\t<div class=\"elementor-widget-container\">\n\t\t\t<h3 class=\"elementor-heading-title elementor-size-default\">Contacta con nosotros<\/h3>\t\t<\/div>\n\t\t\t\t<\/div>\n\t\t\t\t<div class=\"elementor-element elementor-element-1c3c37ac elementor-widget elementor-widget-text-editor\" data-id=\"1c3c37ac\" data-element_type=\"widget\" data-widget_type=\"text-editor.default\">\n\t\t\t\t<div class=\"elementor-widget-container\">\n\t\t\t\t\t\t\t\t<div class=\"elementor-text-editor elementor-clearfix\">\n\t\t\t\t<p>Si necesitas m\u00e1s informaci\u00f3n acerca de nuestros servicios contacta con nuestro departamento de atenci\u00f3n al cliente, estaremos encantados de atenderte y solucionar tus dudas.<\/p>\t\t\t\t\t<\/div>\n\t\t\t\t\t\t<\/div>\n\t\t\t\t<\/div>\n\t\t\t\t<div class=\"elementor-element elementor-element-16e53ed0 elementor-align-center elementor-widget elementor-widget-button\" data-id=\"16e53ed0\" data-element_type=\"widget\" data-widget_type=\"button.default\">\n\t\t\t\t<div class=\"elementor-widget-container\">\n\t\t\t\t\t<div class=\"elementor-button-wrapper\">\n\t\t\t<a href=\"http:\/\/mateunierga.com\/contacto\/\" target=\"_blank\" rel=\"nofollow\" class=\"elementor-button-link elementor-button elementor-size-sm\" role=\"button\">\n\t\t\t\t\t\t<span class=\"elementor-button-content-wrapper\">\n\t\t\t\t\t\t<span class=\"elementor-button-text\">\u00bfHablamos?<\/span>\n\t\t<\/span>\n\t\t\t\t\t<\/a>\n\t\t<\/div>\n\t\t\t\t<\/div>\n\t\t\t\t<\/div>\n\t\t\t\t\t\t<\/div>\n\t\t\t\t\t<\/div>\n\t\t<\/div>\n\t\t\t\t\t\t\t\t<\/div>\n\t\t\t\t\t<\/div>\n\t\t<\/section>\n\t\t\t\t\t\t\t<\/div>\n\t\t\t\t<\/div>\n\t\t\t\t<\/div>\n\t\t\t\t<\/div>\n\t\t\t\t<\/div>\n\t\t\t\t\t\t<\/div>\n\t\t\t\t\t<\/div>\n\t\t<\/div>\n\t\t\t\t\t\t\t\t<\/div>\n\t\t\t\t\t<\/div>\n\t\t<\/section>\n\t\t\t\t\t\t\t\t\t<\/div>\n\t\t\t<\/div>\n\t\t\t\t\t<\/div>\n\t\t","protected":false},"excerpt":{"rendered":"<p>Legalizaciones, Tr\u00e1mites y Proyectos Dentro de la estructura de la empresa MATEU NIERGA S.L.\u00a0disponemos del Departamento T\u00e9cnico con ingenieros superiores, ingenieros t\u00e9cnicos y aparejadores que nos permiten optar a la realizaci\u00f3n de cualquier tipo de tr\u00e1mite, legalizaci\u00f3n o proyecto.Contamos con graduados superiores en Prevenci\u00f3n y Riesgos Industriales Superiores. Ver Proyectos Certificaciones y Controles de Calidad [&hellip;]<\/p>\n","protected":false},"author":1,"featured_media":0,"parent":12,"menu_order":0,"comment_status":"closed","ping_status":"closed","template":"","meta":[],"yoast_head":"<!-- This site is optimized with the Yoast SEO plugin v18.4.1 - https:\/\/yoast.com\/wordpress\/plugins\/seo\/ -->\n<title>Proyectos y legalizaciones - Mateu Nierga<\/title>\n<meta name=\"robots\" content=\"index, follow, max-snippet:-1, max-image-preview:large, max-video-preview:-1\" \/>\n<link rel=\"canonical\" href=\"https:\/\/mateunierga.com\/es\/servicios\/proyectos-y-legalizaciones\/\" \/>\n<meta property=\"og:locale\" content=\"es_ES\" \/>\n<meta property=\"og:type\" content=\"article\" \/>\n<meta property=\"og:title\" content=\"Proyectos y legalizaciones - Mateu Nierga\" \/>\n<meta property=\"og:description\" content=\"Legalizaciones, Tr\u00e1mites y Proyectos Dentro de la estructura de la empresa MATEU NIERGA S.L.\u00a0disponemos del Departamento T\u00e9cnico con ingenieros superiores, ingenieros t\u00e9cnicos y aparejadores que nos permiten optar a la realizaci\u00f3n de cualquier tipo de tr\u00e1mite, legalizaci\u00f3n o proyecto.Contamos con graduados superiores en Prevenci\u00f3n y Riesgos Industriales Superiores. Ver Proyectos Certificaciones y Controles de Calidad [&hellip;]\" \/>\n<meta property=\"og:url\" content=\"https:\/\/mateunierga.com\/es\/servicios\/proyectos-y-legalizaciones\/\" \/>\n<meta property=\"og:site_name\" content=\"Mateu Nierga\" \/>\n<meta property=\"article:modified_time\" content=\"2021-02-17T23:26:50+00:00\" \/>\n<meta property=\"og:image\" content=\"http:\/\/mateunierga.com\/wp-content\/uploads\/2020\/12\/footer-logo-cert-1.jpg\" \/>\n<meta name=\"twitter:card\" content=\"summary_large_image\" \/>\n<meta name=\"twitter:label1\" content=\"Tiempo de lectura\" \/>\n\t<meta name=\"twitter:data1\" content=\"3 minutos\" \/>\n<script type=\"application\/ld+json\" class=\"yoast-schema-graph\">{\"@context\":\"https:\/\/schema.org\",\"@graph\":[{\"@type\":\"WebSite\",\"@id\":\"https:\/\/mateunierga.com\/es\/#website\",\"url\":\"https:\/\/mateunierga.com\/es\/\",\"name\":\"Mateu Nierga\",\"description\":\"Instalaciones y Mantenimientos Industriales\",\"potentialAction\":[{\"@type\":\"SearchAction\",\"target\":{\"@type\":\"EntryPoint\",\"urlTemplate\":\"https:\/\/mateunierga.com\/es\/?s={search_term_string}\"},\"query-input\":\"required name=search_term_string\"}],\"inLanguage\":\"es\"},{\"@type\":\"ImageObject\",\"@id\":\"https:\/\/mateunierga.com\/es\/servicios\/proyectos-y-legalizaciones\/#primaryimage\",\"inLanguage\":\"es\",\"url\":\"http:\/\/mateunierga.com\/wp-content\/uploads\/2020\/12\/footer-logo-cert-1.jpg\",\"contentUrl\":\"http:\/\/mateunierga.com\/wp-content\/uploads\/2020\/12\/footer-logo-cert-1.jpg\"},{\"@type\":\"WebPage\",\"@id\":\"https:\/\/mateunierga.com\/es\/servicios\/proyectos-y-legalizaciones\/#webpage\",\"url\":\"https:\/\/mateunierga.com\/es\/servicios\/proyectos-y-legalizaciones\/\",\"name\":\"Proyectos y legalizaciones - Mateu Nierga\",\"isPartOf\":{\"@id\":\"https:\/\/mateunierga.com\/es\/#website\"},\"primaryImageOfPage\":{\"@id\":\"https:\/\/mateunierga.com\/es\/servicios\/proyectos-y-legalizaciones\/#primaryimage\"},\"datePublished\":\"2020-12-24T07:42:53+00:00\",\"dateModified\":\"2021-02-17T23:26:50+00:00\",\"breadcrumb\":{\"@id\":\"https:\/\/mateunierga.com\/es\/servicios\/proyectos-y-legalizaciones\/#breadcrumb\"},\"inLanguage\":\"es\",\"potentialAction\":[{\"@type\":\"ReadAction\",\"target\":[\"https:\/\/mateunierga.com\/es\/servicios\/proyectos-y-legalizaciones\/\"]}]},{\"@type\":\"BreadcrumbList\",\"@id\":\"https:\/\/mateunierga.com\/es\/servicios\/proyectos-y-legalizaciones\/#breadcrumb\",\"itemListElement\":[{\"@type\":\"ListItem\",\"position\":1,\"name\":\"Portada\",\"item\":\"https:\/\/mateunierga.com\/es\/\"},{\"@type\":\"ListItem\",\"position\":2,\"name\":\"Servicios\",\"item\":\"https:\/\/mateunierga.com\/es\/servicios\/\"},{\"@type\":\"ListItem\",\"position\":3,\"name\":\"Proyectos y legalizaciones\"}]}]}<\/script>\n<!-- \/ Yoast SEO plugin. -->","yoast_head_json":{"title":"Proyectos y legalizaciones - Mateu Nierga","robots":{"index":"index","follow":"follow","max-snippet":"max-snippet:-1","max-image-preview":"max-image-preview:large","max-video-preview":"max-video-preview:-1"},"canonical":"https:\/\/mateunierga.com\/es\/servicios\/proyectos-y-legalizaciones\/","og_locale":"es_ES","og_type":"article","og_title":"Proyectos y legalizaciones - Mateu Nierga","og_description":"Legalizaciones, Tr\u00e1mites y Proyectos Dentro de la estructura de la empresa MATEU NIERGA S.L.\u00a0disponemos del Departamento T\u00e9cnico con ingenieros superiores, ingenieros t\u00e9cnicos y aparejadores que nos permiten optar a la realizaci\u00f3n de cualquier tipo de tr\u00e1mite, legalizaci\u00f3n o proyecto.Contamos con graduados superiores en Prevenci\u00f3n y Riesgos Industriales Superiores. Ver Proyectos Certificaciones y Controles de Calidad [&hellip;]","og_url":"https:\/\/mateunierga.com\/es\/servicios\/proyectos-y-legalizaciones\/","og_site_name":"Mateu Nierga","article_modified_time":"2021-02-17T23:26:50+00:00","og_image":[{"url":"http:\/\/mateunierga.com\/wp-content\/uploads\/2020\/12\/footer-logo-cert-1.jpg"}],"twitter_card":"summary_large_image","twitter_misc":{"Tiempo de lectura":"3 minutos"},"schema":{"@context":"https:\/\/schema.org","@graph":[{"@type":"WebSite","@id":"https:\/\/mateunierga.com\/es\/#website","url":"https:\/\/mateunierga.com\/es\/","name":"Mateu Nierga","description":"Instalaciones y Mantenimientos Industriales","potentialAction":[{"@type":"SearchAction","target":{"@type":"EntryPoint","urlTemplate":"https:\/\/mateunierga.com\/es\/?s={search_term_string}"},"query-input":"required name=search_term_string"}],"inLanguage":"es"},{"@type":"ImageObject","@id":"https:\/\/mateunierga.com\/es\/servicios\/proyectos-y-legalizaciones\/#primaryimage","inLanguage":"es","url":"http:\/\/mateunierga.com\/wp-content\/uploads\/2020\/12\/footer-logo-cert-1.jpg","contentUrl":"http:\/\/mateunierga.com\/wp-content\/uploads\/2020\/12\/footer-logo-cert-1.jpg"},{"@type":"WebPage","@id":"https:\/\/mateunierga.com\/es\/servicios\/proyectos-y-legalizaciones\/#webpage","url":"https:\/\/mateunierga.com\/es\/servicios\/proyectos-y-legalizaciones\/","name":"Proyectos y legalizaciones - Mateu Nierga","isPartOf":{"@id":"https:\/\/mateunierga.com\/es\/#website"},"primaryImageOfPage":{"@id":"https:\/\/mateunierga.com\/es\/servicios\/proyectos-y-legalizaciones\/#primaryimage"},"datePublished":"2020-12-24T07:42:53+00:00","dateModified":"2021-02-17T23:26:50+00:00","breadcrumb":{"@id":"https:\/\/mateunierga.com\/es\/servicios\/proyectos-y-legalizaciones\/#breadcrumb"},"inLanguage":"es","potentialAction":[{"@type":"ReadAction","target":["https:\/\/mateunierga.com\/es\/servicios\/proyectos-y-legalizaciones\/"]}]},{"@type":"BreadcrumbList","@id":"https:\/\/mateunierga.com\/es\/servicios\/proyectos-y-legalizaciones\/#breadcrumb","itemListElement":[{"@type":"ListItem","position":1,"name":"Portada","item":"https:\/\/mateunierga.com\/es\/"},{"@type":"ListItem","position":2,"name":"Servicios","item":"https:\/\/mateunierga.com\/es\/servicios\/"},{"@type":"ListItem","position":3,"name":"Proyectos y legalizaciones"}]}]}},"_links":{"self":[{"href":"https:\/\/mateunierga.com\/es\/wp-json\/wp\/v2\/pages\/232"}],"collection":[{"href":"https:\/\/mateunierga.com\/es\/wp-json\/wp\/v2\/pages"}],"about":[{"href":"https:\/\/mateunierga.com\/es\/wp-json\/wp\/v2\/types\/page"}],"author":[{"embeddable":true,"href":"https:\/\/mateunierga.com\/es\/wp-json\/wp\/v2\/users\/1"}],"replies":[{"embeddable":true,"href":"https:\/\/mateunierga.com\/es\/wp-json\/wp\/v2\/comments?post=232"}],"version-history":[{"count":56,"href":"https:\/\/mateunierga.com\/es\/wp-json\/wp\/v2\/pages\/232\/revisions"}],"predecessor-version":[{"id":2183,"href":"https:\/\/mateunierga.com\/es\/wp-json\/wp\/v2\/pages\/232\/revisions\/2183"}],"up":[{"embeddable":true,"href":"https:\/\/mateunierga.com\/es\/wp-json\/wp\/v2\/pages\/12"}],"wp:attachment":[{"href":"https:\/\/mateunierga.com\/es\/wp-json\/wp\/v2\/media?parent=232"}],"curies":[{"name":"wp","href":"https:\/\/api.w.org\/{rel}","templated":true}]}}